{"id":49123,"date":"2025-03-27T14:23:22","date_gmt":"2025-03-27T13:23:22","guid":{"rendered":"https:\/\/south-of-munich.com\/politica-de-reembolsos-y-devoluciones\/"},"modified":"2025-04-04T11:07:54","modified_gmt":"2025-04-04T10:07:54","slug":"politica-de-reembolsos-y-devoluciones","status":"publish","type":"page","link":"https:\/\/south-of-munich.com\/es\/politica-de-reembolsos-y-devoluciones\/","title":{"rendered":"Pol\u00edtica de reembolsos y devoluciones"},"content":{"rendered":"\n<p><b>Esta es una p\u00e1gina de muestra.<\/b><\/p>\n\n<h2 class=\"wp-block-heading\">Resumen<\/h2>\n\n<p>Nuestra pol\u00edtica de reembolsos y devoluciones tiene una vigencia de 30 d\u00edas. Si han transcurrido 30 d\u00edas desde su compra, no podremos ofrecerle un reembolso completo ni un cambio. <\/p>\n\n<p>Para ser elegible para una devoluci\u00f3n, su art\u00edculo debe estar sin usar y en las mismas condiciones en que lo recibi\u00f3. Tambi\u00e9n debe estar en el embalaje original. <\/p>\n\n<p>Varios tipos de bienes est\u00e1n exentos de devoluci\u00f3n. Los productos perecederos como alimentos, flores, peri\u00f3dicos o revistas no pueden ser devueltos. Tampoco aceptamos productos que sean art\u00edculos \u00edntimos o sanitarios, materiales peligrosos, o l\u00edquidos o gases inflamables.  <\/p>\n\n<p>Art\u00edculos adicionales no retornables:<\/p>\n\n<ul class=\"wp-block-list\">\n<li>Tarjetas de regalo<\/li>\n<li>Productos de software descargables<\/li>\n<li>Algunos art\u00edculos de salud y cuidado personal<\/li>\n<\/ul>\n\n<p>Para completar su devoluci\u00f3n, requerimos un recibo o prueba de compra.<\/p>\n\n<p>Por favor, no env\u00ede su compra de vuelta al fabricante.<\/p>\n\n<p>Hay ciertas situaciones donde solo se otorgan reembolsos parciales:<\/p>\n\n<ul class=\"wp-block-list\">\n<li>Libro con signos evidentes de uso<\/li>\n<li>CD, DVD, cinta VHS, software, videojuego, cinta de casete o disco de vinilo que haya sido abierto.<\/li>\n<li>Cualquier art\u00edculo que no est\u00e9 en su condici\u00f3n original, est\u00e9 da\u00f1ado o le falten piezas por razones ajenas a nuestro error.<\/li>\n<li>Cualquier art\u00edculo que se devuelva m\u00e1s de 30 d\u00edas despu\u00e9s de la entrega<\/li>\n<\/ul>\n\n<h2 class=\"wp-block-heading\">Reembolsos<\/h2>\n\n<p>Una vez que su devoluci\u00f3n sea recibida e inspeccionada, le enviaremos un correo electr\u00f3nico para notificarle que hemos recibido su art\u00edculo devuelto. Tambi\u00e9n le notificaremos la aprobaci\u00f3n o rechazo de su reembolso. <\/p>\n\n<p>Si es aprobado, entonces su reembolso ser\u00e1 procesado, y un cr\u00e9dito ser\u00e1 aplicado autom\u00e1ticamente a su tarjeta de cr\u00e9dito o m\u00e9todo de pago original, dentro de cierta cantidad de d\u00edas.<\/p>\n\n<h3 class=\"wp-block-heading\">Reembolsos tard\u00edos o faltantes<\/h3>\n\n<p>Si a\u00fan no ha recibido un reembolso, primero verifique nuevamente su cuenta bancaria.<\/p>\n\n<p>Luego contacte a su compa\u00f1\u00eda de tarjeta de cr\u00e9dito, puede tomar alg\u00fan tiempo antes de que su reembolso se publique oficialmente.<\/p>\n\n<p>A continuaci\u00f3n, contacte a su banco. A menudo hay alg\u00fan tiempo de procesamiento antes de que se publique un reembolso. <\/p>\n\n<p>Si ha hecho todo esto y a\u00fan no ha recibido su reembolso, por favor cont\u00e1ctenos en {email address}.<\/p>\n\n<h3 class=\"wp-block-heading\">Art\u00edculos en oferta<\/h3>\n\n<p>Solo los art\u00edculos a precio regular pueden ser reembolsados. Los art\u00edculos en oferta no pueden ser reembolsados. <\/p>\n\n<h2 class=\"wp-block-heading\">Cambios<\/h2>\n\n<p>Solo reemplazamos art\u00edculos si est\u00e1n defectuosos o da\u00f1ados. Si necesita cambiarlo por el mismo art\u00edculo, env\u00edenos un correo electr\u00f3nico a {email address} y env\u00ede su art\u00edculo a: {physical address}. <\/p>\n\n<h2 class=\"wp-block-heading\">Regalos<\/h2>\n\n<p>Si el art\u00edculo fue marcado como regalo cuando se compr\u00f3 y se envi\u00f3 directamente a usted, recibir\u00e1 un cr\u00e9dito de regalo por el valor de su devoluci\u00f3n. Una vez que se reciba el art\u00edculo devuelto, se le enviar\u00e1 un certificado de regalo por correo. <\/p>\n\n<p>Si el art\u00edculo no fue marcado como regalo cuando se compr\u00f3, o el donante del regalo hizo que el pedido se enviara a s\u00ed mismo para d\u00e1rselo a usted m\u00e1s tarde, enviaremos un reembolso al donante del regalo y \u00e9l se enterar\u00e1 de su devoluci\u00f3n.<\/p>\n\n<h2 class=\"wp-block-heading\">Env\u00edo de devoluciones<\/h2>\n\n<p>Para devolver su producto, debe enviar su producto a: {physical address}.<\/p>\n\n<p>Usted ser\u00e1 responsable de pagar sus propios costos de env\u00edo para devolver su art\u00edculo. Los costos de env\u00edo no son reembolsables. Si recibe un reembolso, el costo del env\u00edo de devoluci\u00f3n ser\u00e1 deducido de su reembolso.  <\/p>\n\n<p>Dependiendo de d\u00f3nde viva, el tiempo que pueda tardar en llegarle su producto cambiado puede variar.<\/p>\n\n<p>Si est\u00e1 devolviendo art\u00edculos m\u00e1s costosos, puede considerar usar un servicio de env\u00edo rastreable o comprar un seguro de env\u00edo. No garantizamos que recibiremos su art\u00edculo devuelto. <\/p>\n\n<h2 class=\"wp-block-heading\">\u00bfNecesita ayuda?<\/h2>\n\n<p>Cont\u00e1ctenos en {email} para preguntas relacionadas con reembolsos y devoluciones.<\/p>\n","protected":false},"excerpt":{"rendered":"<p>Esta es una p\u00e1gina de muestra. Resumen Nuestra pol\u00edtica de reembolsos y devoluciones tiene una vigencia de 30 d\u00edas. Si han transcurrido 30 d\u00edas desde su compra, no podremos ofrecerle un reembolso completo ni un cambio. Para ser elegible para una devoluci\u00f3n, su art\u00edculo debe estar sin usar y en las mismas condiciones en que [&hellip;]<\/p>\n","protected":false},"author":1,"featured_media":0,"parent":0,"menu_order":0,"comment_status":"closed","ping_status":"closed","template":"","meta":{"_monsterinsights_skip_tracking":false,"_monsterinsights_sitenote_active":false,"_monsterinsights_sitenote_note":"","_monsterinsights_sitenote_category":0,"_themeisle_gutenberg_block_has_review":false,"two_page_speed":[],"footnotes":""},"class_list":["post-49123","page","type-page","status-publish","hentry"],"aioseo_notices":[],"_links":{"self":[{"href":"https:\/\/south-of-munich.com\/es\/wp-json\/wp\/v2\/pages\/49123","targetHints":{"allow":["GET"]}}],"collection":[{"href":"https:\/\/south-of-munich.com\/es\/wp-json\/wp\/v2\/pages"}],"about":[{"href":"https:\/\/south-of-munich.com\/es\/wp-json\/wp\/v2\/types\/page"}],"author":[{"embeddable":true,"href":"https:\/\/south-of-munich.com\/es\/wp-json\/wp\/v2\/users\/1"}],"replies":[{"embeddable":true,"href":"https:\/\/south-of-munich.com\/es\/wp-json\/wp\/v2\/comments?post=49123"}],"version-history":[{"count":1,"href":"https:\/\/south-of-munich.com\/es\/wp-json\/wp\/v2\/pages\/49123\/revisions"}],"predecessor-version":[{"id":49126,"href":"https:\/\/south-of-munich.com\/es\/wp-json\/wp\/v2\/pages\/49123\/revisions\/49126"}],"wp:attachment":[{"href":"https:\/\/south-of-munich.com\/es\/wp-json\/wp\/v2\/media?parent=49123"}],"curies":[{"name":"wp","href":"https:\/\/api.w.org\/{rel}","templated":true}]}}